{"id":1216,"date":"2022-11-29T06:44:18","date_gmt":"2022-11-29T05:44:18","guid":{"rendered":"https:\/\/fayjsa.es\/piezas-estampadas\/"},"modified":"2023-02-07T20:37:06","modified_gmt":"2023-02-07T19:37:06","slug":"piezas-estampadas","status":"publish","type":"page","link":"https:\/\/fayjsa.es\/en\/piezas-estampadas\/","title":{"rendered":"Piezas Estampadas"},"content":{"rendered":"\t\t<div data-elementor-type=\"wp-page\" data-elementor-id=\"1216\" class=\"elementor elementor-1216 elementor-461\" data-elementor-post-type=\"page\">\n\t\t\t\t\t\t<section class=\"elementor-section elementor-top-section elementor-element elementor-element-2abf429 elementor-section-boxed elementor-section-height-default elementor-section-height-default\" data-id=\"2abf429\" data-element_type=\"section\" data-e-type=\"section\" id=\"cabecera\" data-settings=\"{&quot;background_background&quot;:&quot;classic&quot;}\">\n\t\t\t\t\t\t\t<div class=\"elementor-background-overlay\"><\/div>\n\t\t\t\t\t\t\t<div class=\"elementor-container elementor-column-gap-default\">\n\t\t\t\t\t<div class=\"elementor-column elementor-col-100 elementor-top-column elementor-element elementor-element-07cdbbb\" data-id=\"07cdbbb\" data-element_type=\"column\" data-e-type=\"column\">\n\t\t\t<div class=\"elementor-widget-wrap elementor-element-populated\">\n\t\t\t\t\t\t<div class=\"elementor-element elementor-element-47a432d elementor-widget elementor-widget-heading\" data-id=\"47a432d\" data-element_type=\"widget\" data-e-type=\"widget\" data-widget_type=\"heading.default\">\n\t\t\t\t<div class=\"elementor-widget-container\">\n\t\t\t\t\t<h1 class=\"elementor-heading-title elementor-size-default\">Piezas Estampadas<\/h1>\t\t\t\t<\/div>\n\t\t\t\t<\/div>\n\t\t\t\t\t<\/div>\n\t\t<\/div>\n\t\t\t\t\t<\/div>\n\t\t<\/section>\n\t\t\t\t<section class=\"elementor-section elementor-top-section elementor-element elementor-element-f83a71b elementor-section-boxed elementor-section-height-default elementor-section-height-default\" data-id=\"f83a71b\" data-element_type=\"section\" data-e-type=\"section\" id=\"arandelas\">\n\t\t\t\t\t\t<div class=\"elementor-container elementor-column-gap-default\">\n\t\t\t\t\t<div class=\"elementor-column elementor-col-100 elementor-top-column elementor-element elementor-element-d4feb63\" data-id=\"d4feb63\" data-element_type=\"column\" data-e-type=\"column\">\n\t\t\t<div class=\"elementor-widget-wrap elementor-element-populated\">\n\t\t\t\t\t\t<section class=\"elementor-section elementor-inner-section elementor-element elementor-element-e94fe26 elementor-section-boxed elementor-section-height-default elementor-section-height-default\" data-id=\"e94fe26\" data-element_type=\"section\" data-e-type=\"section\" id=\"juntas\">\n\t\t\t\t\t\t<div class=\"elementor-container elementor-column-gap-default\">\n\t\t\t\t\t<div class=\"elementor-column elementor-col-50 elementor-inner-column elementor-element elementor-element-9c082cb col1\" data-id=\"9c082cb\" data-element_type=\"column\" data-e-type=\"column\">\n\t\t\t<div class=\"elementor-widget-wrap elementor-element-populated\">\n\t\t\t\t\t\t<div class=\"elementor-element elementor-element-7b055fe elementor-widget elementor-widget-text-editor\" data-id=\"7b055fe\" data-element_type=\"widget\" data-e-type=\"widget\" data-widget_type=\"text-editor.default\">\n\t\t\t\t<div class=\"elementor-widget-container\">\n\t\t\t\t\t\t\t\t\t<p>Gracias a los m\u00e1s de 60 a\u00f1os de experiencia en la estampaci\u00f3n de arandelas han servido para que FAYJSA desarrolle <b>piezas <\/b><b>estampadas de forma especial con total garant\u00eda de cumplimiento de cotas de <\/b><b>nuestros clientes<\/b><b>.<\/b><b><br \/><\/b><br \/>Nuestro departamento de matricer\u00eda desarrolla, construye y realiza el mantenimiento a todos los utillajes, obteniendo as\u00ed plazos de primeras muestras muy cortos y con costes para el cliente m\u00e1s bajos que si se compraran las matrices a terceros.<\/p>\t\t\t\t\t\t\t\t<\/div>\n\t\t\t\t<\/div>\n\t\t\t\t\t<\/div>\n\t\t<\/div>\n\t\t\t\t<div class=\"elementor-column elementor-col-50 elementor-inner-column elementor-element elementor-element-ed47af8 col2\" data-id=\"ed47af8\" data-element_type=\"column\" data-e-type=\"column\">\n\t\t\t<div class=\"elementor-widget-wrap elementor-element-populated\">\n\t\t\t\t\t\t<div class=\"elementor-element elementor-element-3718c5f elementor-widget elementor-widget-image\" data-id=\"3718c5f\" data-element_type=\"widget\" data-e-type=\"widget\" data-widget_type=\"image.default\">\n\t\t\t\t<div class=\"elementor-widget-container\">\n\t\t\t\t\t\t\t\t\t\t\t\t\t\t\t<img fetchpriority=\"high\" decoding=\"async\" width=\"625\" height=\"337\" src=\"https:\/\/fayjsa.es\/wp-content\/uploads\/2022\/11\/Fayjsa-Piezas-Estampadas-Experiencia.jpg\" class=\"attachment-large size-large wp-image-1194\" alt=\"- -\" srcset=\"https:\/\/fayjsa.es\/wp-content\/uploads\/2022\/11\/Fayjsa-Piezas-Estampadas-Experiencia.jpg 625w, https:\/\/fayjsa.es\/wp-content\/uploads\/2022\/11\/Fayjsa-Piezas-Estampadas-Experiencia-300x162.jpg 300w\" sizes=\"(max-width: 625px) 100vw, 625px\" title=\"- -\">\t\t\t\t\t\t\t\t\t\t\t\t\t\t\t<\/div>\n\t\t\t\t<\/div>\n\t\t\t\t\t<\/div>\n\t\t<\/div>\n\t\t\t\t\t<\/div>\n\t\t<\/section>\n\t\t\t\t\t<\/div>\n\t\t<\/div>\n\t\t\t\t\t<\/div>\n\t\t<\/section>\n\t\t\t\t<section class=\"elementor-section elementor-top-section elementor-element elementor-element-5d4e48f elementor-section-boxed elementor-section-height-default elementor-section-height-default\" data-id=\"5d4e48f\" data-element_type=\"section\" data-e-type=\"section\" id=\"clips\" data-settings=\"{&quot;background_background&quot;:&quot;classic&quot;}\">\n\t\t\t\t\t\t<div class=\"elementor-container elementor-column-gap-default\">\n\t\t\t\t\t<div class=\"elementor-column elementor-col-100 elementor-top-column elementor-element elementor-element-09f2332\" data-id=\"09f2332\" data-element_type=\"column\" data-e-type=\"column\">\n\t\t\t<div class=\"elementor-widget-wrap elementor-element-populated\">\n\t\t\t\t\t\t<div class=\"elementor-element elementor-element-816345a elementor-widget elementor-widget-heading\" data-id=\"816345a\" data-element_type=\"widget\" data-e-type=\"widget\" data-widget_type=\"heading.default\">\n\t\t\t\t<div class=\"elementor-widget-container\">\n\t\t\t\t\t<h2 class=\"elementor-heading-title elementor-size-default\">Especialistas en automoci\u00f3n<\/h2>\t\t\t\t<\/div>\n\t\t\t\t<\/div>\n\t\t\t\t<div class=\"elementor-element elementor-element-9db4082 elementor-widget elementor-widget-text-editor\" data-id=\"9db4082\" data-element_type=\"widget\" data-e-type=\"widget\" data-widget_type=\"text-editor.default\">\n\t\t\t\t<div class=\"elementor-widget-container\">\n\t\t\t\t\t\t\t\t\t<p>Contamos con amplia experiencia y fiabilidad en la fabricaci\u00f3n de componentes para las diferentes aplicaciones del sector de la automoci\u00f3n. Entregas Just In Time.<\/p>\t\t\t\t\t\t\t\t<\/div>\n\t\t\t\t<\/div>\n\t\t\t\t\t<\/div>\n\t\t<\/div>\n\t\t\t\t\t<\/div>\n\t\t<\/section>\n\t\t\t\t<section class=\"elementor-section elementor-top-section elementor-element elementor-element-e46cea2 elementor-section-boxed elementor-section-height-default elementor-section-height-default\" data-id=\"e46cea2\" data-element_type=\"section\" data-e-type=\"section\" id=\"estampadas\">\n\t\t\t\t\t\t<div class=\"elementor-container elementor-column-gap-default\">\n\t\t\t\t\t<div class=\"elementor-column elementor-col-100 elementor-top-column elementor-element elementor-element-af4d008\" data-id=\"af4d008\" data-element_type=\"column\" data-e-type=\"column\">\n\t\t\t<div class=\"elementor-widget-wrap elementor-element-populated\">\n\t\t\t\t\t\t<div class=\"elementor-element elementor-element-71c3af1 elementor-widget elementor-widget-heading\" data-id=\"71c3af1\" data-element_type=\"widget\" data-e-type=\"widget\" data-widget_type=\"heading.default\">\n\t\t\t\t<div class=\"elementor-widget-container\">\n\t\t\t\t\t<h2 class=\"elementor-heading-title elementor-size-default\">Otras piezas estampadas<\/h2>\t\t\t\t<\/div>\n\t\t\t\t<\/div>\n\t\t\t\t<div class=\"elementor-element elementor-element-60c2e32 elementor-widget elementor-widget-text-editor\" data-id=\"60c2e32\" data-element_type=\"widget\" data-e-type=\"widget\" data-widget_type=\"text-editor.default\">\n\t\t\t\t<div class=\"elementor-widget-container\">\n\t\t\t\t\t\t\t\t\t<p>Componentes bajo plano de cliente, empleados en gran variedad de aplicaciones distintas dentro del autom\u00f3vil.<\/p>\t\t\t\t\t\t\t\t<\/div>\n\t\t\t\t<\/div>\n\t\t\t\t<section class=\"elementor-section elementor-inner-section elementor-element elementor-element-b0476cf elementor-section-boxed elementor-section-height-default elementor-section-height-default\" data-id=\"b0476cf\" data-element_type=\"section\" data-e-type=\"section\">\n\t\t\t\t\t\t<div class=\"elementor-container elementor-column-gap-default\">\n\t\t\t\t\t<div class=\"elementor-column elementor-col-33 elementor-inner-column elementor-element elementor-element-acc6b9b col\" data-id=\"acc6b9b\" data-element_type=\"column\" data-e-type=\"column\">\n\t\t\t<div class=\"elementor-widget-wrap elementor-element-populated\">\n\t\t\t\t\t\t<div class=\"elementor-element elementor-element-d8c775a elementor-widget elementor-widget-image\" data-id=\"d8c775a\" data-element_type=\"widget\" data-e-type=\"widget\" data-widget_type=\"image.default\">\n\t\t\t\t<div class=\"elementor-widget-container\">\n\t\t\t\t\t\t\t\t\t\t\t\t\t\t\t<img decoding=\"async\" width=\"600\" height=\"343\" src=\"https:\/\/fayjsa.es\/wp-content\/uploads\/2022\/11\/Fayjsa-Piezas-Estampadas-Separadores.jpg\" class=\"attachment-large size-large wp-image-1195\" alt=\"- -\" srcset=\"https:\/\/fayjsa.es\/wp-content\/uploads\/2022\/11\/Fayjsa-Piezas-Estampadas-Separadores.jpg 600w, https:\/\/fayjsa.es\/wp-content\/uploads\/2022\/11\/Fayjsa-Piezas-Estampadas-Separadores-300x172.jpg 300w, https:\/\/fayjsa.es\/wp-content\/uploads\/2022\/11\/Fayjsa-Piezas-Estampadas-Separadores-413x235.jpg 413w\" sizes=\"(max-width: 600px) 100vw, 600px\" title=\"- -\">\t\t\t\t\t\t\t\t\t\t\t\t\t\t\t<\/div>\n\t\t\t\t<\/div>\n\t\t\t\t<div class=\"elementor-element elementor-element-7d440c3 elementor-widget elementor-widget-heading\" data-id=\"7d440c3\" data-element_type=\"widget\" data-e-type=\"widget\" data-widget_type=\"heading.default\">\n\t\t\t\t<div class=\"elementor-widget-container\">\n\t\t\t\t\t<h3 class=\"elementor-heading-title elementor-size-default\">Separadores<\/h3>\t\t\t\t<\/div>\n\t\t\t\t<\/div>\n\t\t\t\t\t<\/div>\n\t\t<\/div>\n\t\t\t\t<div class=\"elementor-column elementor-col-33 elementor-inner-column elementor-element elementor-element-ec6095c col\" data-id=\"ec6095c\" data-element_type=\"column\" data-e-type=\"column\">\n\t\t\t<div class=\"elementor-widget-wrap elementor-element-populated\">\n\t\t\t\t\t\t<div class=\"elementor-element elementor-element-735a4ef elementor-widget elementor-widget-image\" data-id=\"735a4ef\" data-element_type=\"widget\" data-e-type=\"widget\" data-widget_type=\"image.default\">\n\t\t\t\t<div class=\"elementor-widget-container\">\n\t\t\t\t\t\t\t\t\t\t\t\t\t\t\t<img decoding=\"async\" width=\"600\" height=\"343\" src=\"https:\/\/fayjsa.es\/wp-content\/uploads\/2022\/11\/Fayjsa-Piezas-Estampadas-Distanciadores.jpg\" class=\"attachment-large size-large wp-image-1196\" alt=\"- -\" srcset=\"https:\/\/fayjsa.es\/wp-content\/uploads\/2022\/11\/Fayjsa-Piezas-Estampadas-Distanciadores.jpg 600w, https:\/\/fayjsa.es\/wp-content\/uploads\/2022\/11\/Fayjsa-Piezas-Estampadas-Distanciadores-300x172.jpg 300w, https:\/\/fayjsa.es\/wp-content\/uploads\/2022\/11\/Fayjsa-Piezas-Estampadas-Distanciadores-413x235.jpg 413w\" sizes=\"(max-width: 600px) 100vw, 600px\" title=\"- -\">\t\t\t\t\t\t\t\t\t\t\t\t\t\t\t<\/div>\n\t\t\t\t<\/div>\n\t\t\t\t<div class=\"elementor-element elementor-element-f31ce5d elementor-widget elementor-widget-heading\" data-id=\"f31ce5d\" data-element_type=\"widget\" data-e-type=\"widget\" data-widget_type=\"heading.default\">\n\t\t\t\t<div class=\"elementor-widget-container\">\n\t\t\t\t\t<h3 class=\"elementor-heading-title elementor-size-default\">Distanciadores<\/h3>\t\t\t\t<\/div>\n\t\t\t\t<\/div>\n\t\t\t\t\t<\/div>\n\t\t<\/div>\n\t\t\t\t<div class=\"elementor-column elementor-col-33 elementor-inner-column elementor-element elementor-element-4dcb750 col\" data-id=\"4dcb750\" data-element_type=\"column\" data-e-type=\"column\">\n\t\t\t<div class=\"elementor-widget-wrap elementor-element-populated\">\n\t\t\t\t\t\t<div class=\"elementor-element elementor-element-bf6af1c elementor-widget elementor-widget-image\" data-id=\"bf6af1c\" data-element_type=\"widget\" data-e-type=\"widget\" data-widget_type=\"image.default\">\n\t\t\t\t<div class=\"elementor-widget-container\">\n\t\t\t\t\t\t\t\t\t\t\t\t\t\t\t<img loading=\"lazy\" decoding=\"async\" width=\"600\" height=\"343\" src=\"https:\/\/fayjsa.es\/wp-content\/uploads\/2022\/11\/Fayjsa-Piezas-Estampadas-Insertos-y-Refuerzos.jpg\" class=\"attachment-large size-large wp-image-1191\" alt=\"- -\" srcset=\"https:\/\/fayjsa.es\/wp-content\/uploads\/2022\/11\/Fayjsa-Piezas-Estampadas-Insertos-y-Refuerzos.jpg 600w, https:\/\/fayjsa.es\/wp-content\/uploads\/2022\/11\/Fayjsa-Piezas-Estampadas-Insertos-y-Refuerzos-300x172.jpg 300w, https:\/\/fayjsa.es\/wp-content\/uploads\/2022\/11\/Fayjsa-Piezas-Estampadas-Insertos-y-Refuerzos-413x235.jpg 413w\" sizes=\"(max-width: 600px) 100vw, 600px\" title=\"- -\">\t\t\t\t\t\t\t\t\t\t\t\t\t\t\t<\/div>\n\t\t\t\t<\/div>\n\t\t\t\t<div class=\"elementor-element elementor-element-e9b0d63 elementor-widget elementor-widget-heading\" data-id=\"e9b0d63\" data-element_type=\"widget\" data-e-type=\"widget\" data-widget_type=\"heading.default\">\n\t\t\t\t<div class=\"elementor-widget-container\">\n\t\t\t\t\t<h3 class=\"elementor-heading-title elementor-size-default\">Insertos<\/h3>\t\t\t\t<\/div>\n\t\t\t\t<\/div>\n\t\t\t\t\t<\/div>\n\t\t<\/div>\n\t\t\t\t\t<\/div>\n\t\t<\/section>\n\t\t\t\t<section class=\"elementor-section elementor-inner-section elementor-element elementor-element-3bdb7d1 elementor-section-boxed elementor-section-height-default elementor-section-height-default\" data-id=\"3bdb7d1\" data-element_type=\"section\" data-e-type=\"section\">\n\t\t\t\t\t\t<div class=\"elementor-container elementor-column-gap-default\">\n\t\t\t\t\t<div class=\"elementor-column elementor-col-33 elementor-inner-column elementor-element elementor-element-8e609fe col\" data-id=\"8e609fe\" data-element_type=\"column\" data-e-type=\"column\">\n\t\t\t<div class=\"elementor-widget-wrap elementor-element-populated\">\n\t\t\t\t\t\t<div class=\"elementor-element elementor-element-14e21ad elementor-widget elementor-widget-image\" data-id=\"14e21ad\" data-element_type=\"widget\" data-e-type=\"widget\" data-widget_type=\"image.default\">\n\t\t\t\t<div class=\"elementor-widget-container\">\n\t\t\t\t\t\t\t\t\t\t\t\t\t\t\t<img loading=\"lazy\" decoding=\"async\" width=\"600\" height=\"343\" src=\"https:\/\/fayjsa.es\/wp-content\/uploads\/2022\/11\/Fayjsa-Piezas-Estampadas-Refuerzos.jpg\" class=\"attachment-large size-large wp-image-1197\" alt=\"- -\" srcset=\"https:\/\/fayjsa.es\/wp-content\/uploads\/2022\/11\/Fayjsa-Piezas-Estampadas-Refuerzos.jpg 600w, https:\/\/fayjsa.es\/wp-content\/uploads\/2022\/11\/Fayjsa-Piezas-Estampadas-Refuerzos-300x172.jpg 300w, https:\/\/fayjsa.es\/wp-content\/uploads\/2022\/11\/Fayjsa-Piezas-Estampadas-Refuerzos-413x235.jpg 413w\" sizes=\"(max-width: 600px) 100vw, 600px\" title=\"- -\">\t\t\t\t\t\t\t\t\t\t\t\t\t\t\t<\/div>\n\t\t\t\t<\/div>\n\t\t\t\t<div class=\"elementor-element elementor-element-db8fa2f elementor-widget elementor-widget-heading\" data-id=\"db8fa2f\" data-element_type=\"widget\" data-e-type=\"widget\" data-widget_type=\"heading.default\">\n\t\t\t\t<div class=\"elementor-widget-container\">\n\t\t\t\t\t<h3 class=\"elementor-heading-title elementor-size-default\">Refuerzos<\/h3>\t\t\t\t<\/div>\n\t\t\t\t<\/div>\n\t\t\t\t\t<\/div>\n\t\t<\/div>\n\t\t\t\t<div class=\"elementor-column elementor-col-33 elementor-inner-column elementor-element elementor-element-e27c59c col\" data-id=\"e27c59c\" data-element_type=\"column\" data-e-type=\"column\">\n\t\t\t<div class=\"elementor-widget-wrap elementor-element-populated\">\n\t\t\t\t\t\t<div class=\"elementor-element elementor-element-fc09349 elementor-widget elementor-widget-image\" data-id=\"fc09349\" data-element_type=\"widget\" data-e-type=\"widget\" data-widget_type=\"image.default\">\n\t\t\t\t<div class=\"elementor-widget-container\">\n\t\t\t\t\t\t\t\t\t\t\t\t\t\t\t<img loading=\"lazy\" decoding=\"async\" width=\"600\" height=\"343\" src=\"https:\/\/fayjsa.es\/wp-content\/uploads\/2022\/11\/Fayjsa-Piezas-Estampadas-Bridas.jpg\" class=\"attachment-large size-large wp-image-1193\" alt=\"- -\" srcset=\"https:\/\/fayjsa.es\/wp-content\/uploads\/2022\/11\/Fayjsa-Piezas-Estampadas-Bridas.jpg 600w, https:\/\/fayjsa.es\/wp-content\/uploads\/2022\/11\/Fayjsa-Piezas-Estampadas-Bridas-300x172.jpg 300w, https:\/\/fayjsa.es\/wp-content\/uploads\/2022\/11\/Fayjsa-Piezas-Estampadas-Bridas-413x235.jpg 413w\" sizes=\"(max-width: 600px) 100vw, 600px\" title=\"- -\">\t\t\t\t\t\t\t\t\t\t\t\t\t\t\t<\/div>\n\t\t\t\t<\/div>\n\t\t\t\t<div class=\"elementor-element elementor-element-f963951 elementor-widget elementor-widget-heading\" data-id=\"f963951\" data-element_type=\"widget\" data-e-type=\"widget\" data-widget_type=\"heading.default\">\n\t\t\t\t<div class=\"elementor-widget-container\">\n\t\t\t\t\t<h3 class=\"elementor-heading-title elementor-size-default\">Bridas<\/h3>\t\t\t\t<\/div>\n\t\t\t\t<\/div>\n\t\t\t\t\t<\/div>\n\t\t<\/div>\n\t\t\t\t<div class=\"elementor-column elementor-col-33 elementor-inner-column elementor-element elementor-element-cbd3471 col\" data-id=\"cbd3471\" data-element_type=\"column\" data-e-type=\"column\">\n\t\t\t<div class=\"elementor-widget-wrap elementor-element-populated\">\n\t\t\t\t\t\t<div class=\"elementor-element elementor-element-b5172a6 elementor-widget elementor-widget-image\" data-id=\"b5172a6\" data-element_type=\"widget\" data-e-type=\"widget\" data-widget_type=\"image.default\">\n\t\t\t\t<div class=\"elementor-widget-container\">\n\t\t\t\t\t\t\t\t\t\t\t\t\t\t\t<img loading=\"lazy\" decoding=\"async\" width=\"600\" height=\"343\" src=\"https:\/\/fayjsa.es\/wp-content\/uploads\/2022\/11\/Fayjsa-Piezas-Estampadas-Discos.jpg\" class=\"attachment-large size-large wp-image-1192\" alt=\"- -\" srcset=\"https:\/\/fayjsa.es\/wp-content\/uploads\/2022\/11\/Fayjsa-Piezas-Estampadas-Discos.jpg 600w, https:\/\/fayjsa.es\/wp-content\/uploads\/2022\/11\/Fayjsa-Piezas-Estampadas-Discos-300x172.jpg 300w, https:\/\/fayjsa.es\/wp-content\/uploads\/2022\/11\/Fayjsa-Piezas-Estampadas-Discos-413x235.jpg 413w\" sizes=\"(max-width: 600px) 100vw, 600px\" title=\"- -\">\t\t\t\t\t\t\t\t\t\t\t\t\t\t\t<\/div>\n\t\t\t\t<\/div>\n\t\t\t\t<div class=\"elementor-element elementor-element-aada1da elementor-widget elementor-widget-heading\" data-id=\"aada1da\" data-element_type=\"widget\" data-e-type=\"widget\" data-widget_type=\"heading.default\">\n\t\t\t\t<div class=\"elementor-widget-container\">\n\t\t\t\t\t<h3 class=\"elementor-heading-title elementor-size-default\">Discos<\/h3>\t\t\t\t<\/div>\n\t\t\t\t<\/div>\n\t\t\t\t\t<\/div>\n\t\t<\/div>\n\t\t\t\t\t<\/div>\n\t\t<\/section>\n\t\t\t\t\t<\/div>\n\t\t<\/div>\n\t\t\t\t\t<\/div>\n\t\t<\/section>\n\t\t\t\t<section class=\"elementor-section elementor-top-section elementor-element elementor-element-8af7e0f elementor-section-boxed elementor-section-height-default elementor-section-height-default\" data-id=\"8af7e0f\" data-element_type=\"section\" data-e-type=\"section\" id=\"pregunta\" data-settings=\"{&quot;background_background&quot;:&quot;classic&quot;}\">\n\t\t\t\t\t\t<div class=\"elementor-container elementor-column-gap-default\">\n\t\t\t\t\t<div class=\"elementor-column elementor-col-100 elementor-top-column elementor-element elementor-element-3fb0be4\" data-id=\"3fb0be4\" data-element_type=\"column\" data-e-type=\"column\">\n\t\t\t<div class=\"elementor-widget-wrap elementor-element-populated\">\n\t\t\t\t\t\t<div class=\"elementor-element elementor-element-b9ff8a1 elementor-widget elementor-widget-heading\" data-id=\"b9ff8a1\" data-element_type=\"widget\" data-e-type=\"widget\" data-widget_type=\"heading.default\">\n\t\t\t\t<div class=\"elementor-widget-container\">\n\t\t\t\t\t<h2 class=\"elementor-heading-title elementor-size-default\">Si necesitan piezas estampadas, contacten con nosotros y analizaremos las necesidades de su empresa<\/h2>\t\t\t\t<\/div>\n\t\t\t\t<\/div>\n\t\t\t\t<div class=\"elementor-element elementor-element-af333da elementor-align-center elementor-widget elementor-widget-button\" data-id=\"af333da\" data-element_type=\"widget\" data-e-type=\"widget\" data-widget_type=\"button.default\">\n\t\t\t\t<div class=\"elementor-widget-container\">\n\t\t\t\t\t\t\t\t\t<div class=\"elementor-button-wrapper\">\n\t\t\t\t\t<a class=\"elementor-button elementor-button-link elementor-size-sm\" href=\"\/contacto\/\">\n\t\t\t\t\t\t<span class=\"elementor-button-content-wrapper\">\n\t\t\t\t\t\t\t\t\t<span class=\"elementor-button-text\">TRABAJEMOS JUNTOS<\/span>\n\t\t\t\t\t<\/span>\n\t\t\t\t\t<\/a>\n\t\t\t\t<\/div>\n\t\t\t\t\t\t\t\t<\/div>\n\t\t\t\t<\/div>\n\t\t\t\t\t<\/div>\n\t\t<\/div>\n\t\t\t\t\t<\/div>\n\t\t<\/section>\n\t\t\t\t<\/div>\n\t\t","protected":false},"excerpt":{"rendered":"<p>Piezas Estampadas Gracias a los m\u00e1s de 60 a\u00f1os de experiencia en la estampaci\u00f3n de arandelas han servido para que FAYJSA desarrolle piezas estampadas de forma especial con total garant\u00eda de cumplimiento de cotas de nuestros clientes. Nuestro departamento de matricer\u00eda desarrolla, construye y realiza el mantenimiento a todos los utillajes, obteniendo as\u00ed plazos de [&hellip;]<\/p>\n","protected":false},"author":1,"featured_media":1280,"parent":0,"menu_order":0,"comment_status":"closed","ping_status":"closed","template":"","meta":{"site-sidebar-layout":"no-sidebar","site-content-layout":"page-builder","ast-site-content-layout":"default","site-content-style":"default","site-sidebar-style":"default","ast-global-header-display":"","ast-banner-title-visibility":"","ast-main-header-display":"","ast-hfb-above-header-display":"","ast-hfb-below-header-display":"","ast-hfb-mobile-header-display":"","site-post-title":"disabled","ast-breadcrumbs-content":"","ast-featured-img":"disabled","footer-sml-layout":"","ast-disable-related-posts":"","theme-transparent-header-meta":"disabled","adv-header-id-meta":"","stick-header-meta":"default","header-above-stick-meta":"","header-main-stick-meta":"","header-below-stick-meta":"","astra-migrate-meta-layouts":"default","ast-page-background-enabled":"default","ast-page-background-meta":{"desktop":{"background-color":"var(--ast-global-color-4)","background-image":"","background-repeat":"repeat","background-position":"center center","background-size":"auto","background-attachment":"scroll","background-type":"","background-media":"","overlay-type":"","overlay-color":"","overlay-opacity":"","overlay-gradient":""},"tablet":{"background-color":"","background-image":"","background-repeat":"repeat","background-position":"center center","background-size":"auto","background-attachment":"scroll","background-type":"","background-media":"","overlay-type":"","overlay-color":"","overlay-opacity":"","overlay-gradient":""},"mobile":{"background-color":"","background-image":"","background-repeat":"repeat","background-position":"center center","background-size":"auto","background-attachment":"scroll","background-type":"","background-media":"","overlay-type":"","overlay-color":"","overlay-opacity":"","overlay-gradient":""}},"ast-content-background-meta":{"desktop":{"background-color":"var(--ast-global-color-5)","background-image":"","background-repeat":"repeat","background-position":"center center","background-size":"auto","background-attachment":"scroll","background-type":"","background-media":"","overlay-type":"","overlay-color":"","overlay-opacity":"","overlay-gradient":""},"tablet":{"background-color":"var(--ast-global-color-5)","background-image":"","background-repeat":"repeat","background-position":"center center","background-size":"auto","background-attachment":"scroll","background-type":"","background-media":"","overlay-type":"","overlay-color":"","overlay-opacity":"","overlay-gradient":""},"mobile":{"background-color":"var(--ast-global-color-5)","background-image":"","background-repeat":"repeat","background-position":"center center","background-size":"auto","background-attachment":"scroll","background-type":"","background-media":"","overlay-type":"","overlay-color":"","overlay-opacity":"","overlay-gradient":""}},"footnotes":""},"class_list":["post-1216","page","type-page","status-publish","has-post-thumbnail","hentry"],"_links":{"self":[{"href":"https:\/\/fayjsa.es\/en\/wp-json\/wp\/v2\/pages\/1216","targetHints":{"allow":["GET"]}}],"collection":[{"href":"https:\/\/fayjsa.es\/en\/wp-json\/wp\/v2\/pages"}],"about":[{"href":"https:\/\/fayjsa.es\/en\/wp-json\/wp\/v2\/types\/page"}],"author":[{"embeddable":true,"href":"https:\/\/fayjsa.es\/en\/wp-json\/wp\/v2\/users\/1"}],"replies":[{"embeddable":true,"href":"https:\/\/fayjsa.es\/en\/wp-json\/wp\/v2\/comments?post=1216"}],"version-history":[{"count":1,"href":"https:\/\/fayjsa.es\/en\/wp-json\/wp\/v2\/pages\/1216\/revisions"}],"predecessor-version":[{"id":1218,"href":"https:\/\/fayjsa.es\/en\/wp-json\/wp\/v2\/pages\/1216\/revisions\/1218"}],"wp:featuredmedia":[{"embeddable":true,"href":"https:\/\/fayjsa.es\/en\/wp-json\/wp\/v2\/media\/1280"}],"wp:attachment":[{"href":"https:\/\/fayjsa.es\/en\/wp-json\/wp\/v2\/media?parent=1216"}],"curies":[{"name":"wp","href":"https:\/\/api.w.org\/{rel}","templated":true}]}}